{"id":999,"date":"2022-09-08T19:30:15","date_gmt":"2022-09-08T19:30:15","guid":{"rendered":"https:\/\/medbeton.ma\/site\/?page_id=999"},"modified":"2024-11-18T16:20:18","modified_gmt":"2024-11-18T15:20:18","slug":"privacy-policy","status":"publish","type":"page","link":"https:\/\/medbeton.ma\/site\/privacy-policy\/","title":{"rendered":"Politique de Confidentialit\u00e9"},"content":{"rendered":"\t\t<div data-elementor-type=\"wp-page\" data-elementor-id=\"999\" class=\"elementor elementor-999\">\n\t\t\t\t\t\t<section class=\"elementor-section elementor-top-section elementor-element elementor-element-59b9c442 elementor-section-boxed elementor-section-height-default elementor-section-height-default sc_fly_static\" data-id=\"59b9c442\" data-element_type=\"section\" data-e-type=\"section\" data-settings=\"{&quot;background_background&quot;:&quot;classic&quot;}\">\n\t\t\t\t\t\t<div class=\"elementor-container elementor-column-gap-extended\">\n\t\t\t\t\t<div class=\"elementor-column elementor-col-100 elementor-top-column elementor-element elementor-element-7e7d2714 sc_content_align_inherit sc_layouts_column_icons_position_left sc_fly_static\" data-id=\"7e7d2714\" data-element_type=\"column\" data-e-type=\"column\">\n\t\t\t<div class=\"elementor-widget-wrap elementor-element-populated\">\n\t\t\t\t\t\t<div class=\"elementor-element elementor-element-7437a8de sc_fly_static elementor-widget elementor-widget-text-editor\" data-id=\"7437a8de\" data-element_type=\"widget\" data-e-type=\"widget\" data-widget_type=\"text-editor.default\">\n\t\t\t\t<div class=\"elementor-widget-container\">\n\t\t\t\t\t\t\t\t\t<div class=\"elementor-element elementor-element-f5ccfda elementor-widget elementor-widget-heading\" data-id=\"f5ccfda\" data-element_type=\"widget\" data-widget_type=\"heading.default\"><div class=\"elementor-widget-container\">\u00a0<\/div><\/div><div class=\"elementor-element elementor-element-7b1ce5d elementor-widget elementor-widget-text-editor\" data-id=\"7b1ce5d\" data-element_type=\"widget\" data-widget_type=\"text-editor.default\"><div class=\"elementor-widget-container\"><p><strong>la M\u00e9diterran\u00e9enne du B\u00e9ton<\/strong> a pour ambition d\u2019\u00eatre une entreprise citoyenne et exemplaire. Nous accordons une grande valeur \u00e0 l\u2019honn\u00eatet\u00e9 et \u00e0 la clart\u00e9 et avons \u00e0 c\u0153ur de construire avec nos clients des relations fortes et durables, fond\u00e9es sur la confiance et l\u2019int\u00e9r\u00eat mutuel. Conform\u00e9ment \u00e0 cette philosophie, la protection de vos donn\u00e9es personnelles est essentielle \u00e0 nos yeux et nous souhaitons vous informer par l\u2019interm\u00e9diaire de la pr\u00e9sente politique de protection des donn\u00e9es personnelles de la mani\u00e8re dont nous collectons et traitons ces donn\u00e9es.<\/p><p>\u00a0<\/p><p>La pr\u00e9sente politique de confidentialit\u00e9 d\u00e9finit et vous informe de la mani\u00e8re dont <strong>la M\u00e9diterran\u00e9enne du B\u00e9ton <\/strong>utilise et prot\u00e8ge les informations que vous nous transmettez, le cas \u00e9ch\u00e9ant, lorsque vous utilisez le pr\u00e9sent site accessible \u00e0 partir de l\u2019URL suivante : www.medbeton.ma.<\/p><p>\u00a0<\/p><p>Veuillez noter que cette politique de confidentialit\u00e9 est susceptible d\u2019\u00eatre modifi\u00e9e ou compl\u00e9t\u00e9e \u00e0 tout moment par <strong>la M\u00e9diterran\u00e9enne du B\u00e9ton<\/strong>, notamment en vue de se conformer \u00e0 toute \u00e9volution l\u00e9gislative, r\u00e9glementaire, jurisprudentielle ou technologique. Dans un tel cas, la date de sa mise \u00e0 jour sera clairement identifi\u00e9e en t\u00eate de la pr\u00e9sente politique. Ces modifications engagent l\u2019Utilisateur d\u00e8s leur mise en ligne. Il convient par cons\u00e9quent que l\u2019Utilisateur consulte r\u00e9guli\u00e8rement la pr\u00e9sente politique de confidentialit\u00e9 et d\u2019utilisation des cookies afin de prendre connaissance de ses \u00e9ventuelles modifications.<\/p><p>\u00a0<\/p><h3>I. DONNEES PERSONNELLES<\/h3><p>\u00a0<\/p><p>D\u2019une mani\u00e8re g\u00e9n\u00e9rale, il vous est possible de visiter le Site sans communiquer aucune information personnelle vous concernant. En toute hypoth\u00e8se, vous \u00eates en aucune mani\u00e8re oblig\u00e9 de transmettre ces informations \u00e0 <strong>la M\u00e9diterran\u00e9enne du B\u00e9ton<\/strong>. N\u00e9anmoins, en cas de refus, il se peut que vous ne puissiez pas b\u00e9n\u00e9ficier de certaines informations ou services que vous avez demand\u00e9. A ce titre en effet, <strong>la M\u00e9diterran\u00e9enne du B\u00e9ton<\/strong>\u00a0peut \u00eatre amen\u00e9 dans certains cas \u00e0 vous demander de renseigner (ci-apr\u00e8s vos \u00ab Informations Personnelles \u00bb) :<\/p><p>\u00a0<\/p><ul><li>pr\u00e9nom et nom de famille ;<\/li><li>adresse de courrier \u00e9lectronique ;<\/li><li>sexe ;<\/li><li>num\u00e9ro de t\u00e9l\u00e9phone ;<\/li><li>adresse postale ;<\/li><li>\u00e2ge\/date de naissance ;<\/li><li>votre opinion sur nos produits ;<\/li><li>toute demande particuli\u00e8re que vous pourriez nous adresser ;<\/li><\/ul><p>En fournissant ces informations, vous acceptez express\u00e9ment qu\u2019elles soient trait\u00e9es par <strong>la M\u00e9diterran\u00e9enne du B\u00e9ton<\/strong>, aux fins indiqu\u00e9es au point 2 ci-dessous ainsi qu\u2019aux fins rappel\u00e9es \u00e0 la fin de chaque formulaire.<\/p><p>\u00a0<\/p><p>Conform\u00e9ment au R\u00e8glement G\u00e9n\u00e9ral sur la Protection des Donn\u00e9es (General Data Protection R\u00e9gulation), la protection des donn\u00e9es personnelles en Principaut\u00e9 est r\u00e9gie par la Loi.<\/p><p>\u00a0<\/p><p><strong>la M\u00e9diterran\u00e9enne du B\u00e9ton<\/strong> vous informe des points suivants :<\/p><p>\u00a0<\/p><p>1. Identit\u00e9 du responsable du traitement<\/p><p>\u00a0<\/p><p>Le responsable du traitement est la soci\u00e9t\u00e9 <strong>la M\u00e9diterran\u00e9enne du B\u00e9ton<\/strong>, ayant son si\u00e8ge social au \u00ab R.P. 4701 route de Tetouan km.7 \u2013 BP4010 Tetouan 93005 Ksar Sghir \u2013 Maroc, t\u00e9l\u00e9phone : +212 539-70-75-13; Email : info@medbeton.ma<\/p><p>\u00a0<\/p><p>2. Finalit\u00e9s du traitement<\/p><p>\u00a0<\/p><p><strong>la M\u00e9diterran\u00e9enne du B\u00e9ton<\/strong> est susceptible de traiter vos Informations Personnelles :<\/p><p>\u00a0<\/p><ul><li>(a) aux fins de vous fournir les informations ou les services que vous avez demand\u00e9 de recevoir (envoi de nos newsletters suite \u00e0 inscription de votre part) ; et\/ou<\/li><li>(b) aux fins de recueillir des informations nous permettant d\u2019am\u00e9liorer notre Site, nos produits et services (notamment par le biais de cookies) ; et\/ou<\/li><li>(c) aux fins de pouvoir vous contacter \u00e0 propos de diff\u00e9rents \u00e9v\u00e8nements relatifs \u00e0 <strong>la M\u00e9diterran\u00e9enne du B\u00e9ton<\/strong>, incluant notamment la mise \u00e0 jour des produits et le support client.<\/li><\/ul><p>3. Destinataires<\/p><p>\u00a0<\/p><p>Seul <strong>la M\u00e9diterran\u00e9enne du B\u00e9ton<\/strong> est destinataire de vos Informations Personnelles. Celles-ci, que ce soit sous forme individuelle ou agr\u00e9g\u00e9e, ne sont jamais transmises \u00e0 un tiers, nonobstant les sous-traitants auxquels <strong>la M\u00e9diterran\u00e9enne du B\u00e9ton<\/strong>\u00a0fait appel (vous trouverez de plus amples informations \u00e0 leur sujet au point 7 ci-dessous).<\/p><p>\u00a0<\/p><p>Ni <strong>la M\u00e9diterran\u00e9enne du B\u00e9ton<\/strong>, ni l\u2019un quelconque de ses sous-traitants, ne proc\u00e8dent \u00e0 la commercialisation des donn\u00e9es personnelles des visiteurs et Utilisateurs de son Site.<\/p><p>\u00a0<\/p><p>4. Dur\u00e9e de conservation<\/p><p>\u00a0<\/p><p>Vos Informations Personnelles sont conserv\u00e9es par <strong>la M\u00e9diterran\u00e9enne du B\u00e9ton<\/strong>\u00a0uniquement pour le temps correspondant \u00e0 la finalit\u00e9 de la collecte tel qu\u2019indiqu\u00e9 en 2 ci-dessus qui ne saurait en tout \u00e9tat de cause exc\u00e9der 48 mois.<\/p><p>\u00a0<\/p><p>5. Droits Informatique et Libert\u00e9s<\/p><p>\u00a0<\/p><p>Vous disposez des droits suivants concernant vos Informations Personnelles, que vous pouvez exercer en nous \u00e9crivant \u00e0 l\u2019adresse email (info@medbeton-.ma), \u00e0 l\u2019adresse postale (cf point 1)<\/p><p>\u00a0<\/p><p><u>Droit d\u2019acc\u00e8s et de communication des donn\u00e9es<\/u><\/p><p>\u00a0<\/p><p>Vous avez la facult\u00e9 d\u2019acc\u00e9der aux Informations Personnelles qui vous concernent. Cependant, en raison de l\u2019obligation de s\u00e9curit\u00e9 et de confidentialit\u00e9 dans le traitement des donn\u00e9es \u00e0 caract\u00e8re personnel qui incombe \u00e0 <strong>la M\u00e9diterran\u00e9enne du B\u00e9ton<\/strong>, vous \u00eates inform\u00e9 que votre demande sera trait\u00e9e sous r\u00e9serve que vous rapportiez la preuve de votre identit\u00e9, notamment par la production d\u2019un scan de votre titre d\u2019identit\u00e9 valide (en cas de demande par notre formulaire \u00e9lectronique d\u00e9di\u00e9) ou d\u2019une photocopie sign\u00e9e de votre titre d\u2019identit\u00e9 valide (en cas de demande adress\u00e9e par \u00e9crit).<\/p><p>\u00a0<\/p><p><strong>la M\u00e9diterran\u00e9enne du B\u00e9ton<\/strong> vous informe qu\u2019il sera en droit, le cas \u00e9ch\u00e9ant, de s\u2019opposer aux demandes manifestement abusives (de par leur nombre, leur caract\u00e8re r\u00e9p\u00e9titif ou syst\u00e9matique). Pour vous aider dans votre d\u00e9marche, notamment si vous d\u00e9sirez exercer votre droit d\u2019acc\u00e8s par le biais d\u2019une demande \u00e9crite \u00e0 l\u2019adresse postale mentionn\u00e9e au point 1<\/p><p>\u00a0<\/p><p><u>Droit de rectification des donn\u00e9es<\/u><\/p><p>\u00a0<\/p><p>Au titre de ce droit, la l\u00e9gislation vous habilite \u00e0 demander la rectification, la mise \u00e0 jour, le verrouillage ou encore l\u2019effacement des donn\u00e9es vous concernant qui peuvent s\u2019av\u00e9rer le cas \u00e9ch\u00e9ant inexactes, erron\u00e9es, incompl\u00e8tes ou obsol\u00e8tes. Egalement, vous pouvez d\u00e9finir des directives g\u00e9n\u00e9rales et particuli\u00e8res relatives au sort des donn\u00e9es \u00e0 caract\u00e8re personnel apr\u00e8s votre d\u00e9c\u00e8s. Le cas \u00e9ch\u00e9ant, les h\u00e9ritiers d\u2019une personne d\u00e9c\u00e9d\u00e9e peuvent exiger de prendre en consid\u00e9ration le d\u00e9c\u00e8s de leur proche et\/ou de proc\u00e9der aux mises \u00e0 jour n\u00e9cessaires. Pour vous aider dans votre d\u00e9marche, notamment si vous d\u00e9sirez exercer, pour votre propre compte ou pour le compte de l\u2019un de vos proches d\u00e9c\u00e9d\u00e9, votre droit de rectification par le biais d\u2019une demande \u00e9crite \u00e0 l\u2019adresse postale mentionn\u00e9e au point 1<\/p><p>\u00a0<\/p><p><u>Droit d\u2019opposition<\/u><\/p><p>L\u2019exercice de ce droit n\u2019est possible que dans l\u2019une des deux situations suivantes : Lorsque l\u2019exercice de ce droit est fond\u00e9 sur des motifs l\u00e9gitimes ; ou Lorsque l\u2019exercice de ce droit vise \u00e0 faire obstacle \u00e0 ce que les donn\u00e9es recueillies soient utilis\u00e9es \u00e0 des fins de prospection commerciale. Pour vous aider dans votre d\u00e9marche, notamment si vous d\u00e9sirez exercer votre droit d\u2019opposition par le biais d\u2019une demande \u00e9crite adress\u00e9e \u00e0 l\u2019adresse postale indiqu\u00e9e au point 1<\/p><p>\u00a0<\/p><p>6. D\u00e9lais de r\u00e9ponse<\/p><p>\u00a0<\/p><p><strong>la M\u00e9diterran\u00e9enne du B\u00e9ton<\/strong> s\u2019engage \u00e0 r\u00e9pondre \u00e0 votre demande d\u2019acc\u00e8s, de rectification ou d\u2019opposition ou toute autre demande compl\u00e9mentaire d\u2019informations dans un d\u00e9lai raisonnable qui ne saurait d\u00e9passer 1 mois \u00e0 compter de la r\u00e9ception de votre demande.<\/p><p>\u00a0<\/p><p>7. Prestataires habilit\u00e9s et transfert vers un pays tiers de l\u2019Union Europ\u00e9enne<\/p><p>\u00a0<\/p><p><strong>la M\u00e9diterran\u00e9enne du B\u00e9ton<\/strong> vous informe qu\u2019il a recours \u00e0 ses prestataires habilit\u00e9s pour faciliter le recueil et le traitement des donn\u00e9es que vous nous avez communiqu\u00e9. Ces prestataires peuvent \u00eatre situ\u00e9s en dehors de l\u2019Union Europ\u00e9enne et ont communication des donn\u00e9es recueillies par le biais des divers formulaires pr\u00e9sents sur le Site (\u00e0 l\u2019exception du formulaire vous permettant d\u2019exercer vos droits Informatique et Libert\u00e9s qui est propos\u00e9 et exploit\u00e9 par <strong>la M\u00e9diterran\u00e9enne du B\u00e9ton<\/strong>).<\/p><p>\u00a0<\/p><p>8. Plainte aupr\u00e8s de l\u2019autorit\u00e9 comp\u00e9tente<\/p><p>\u00a0<\/p><p>Si vous consid\u00e9rez que <strong>la M\u00e9diterran\u00e9enne du B\u00e9ton<\/strong>\u00a0ne respecte pas ses obligations au regard de vos Informations Personnelles, vous pouvez adresser une plainte ou une demande aupr\u00e8s de l\u2019autorit\u00e9 comp\u00e9tente. \u00c0 Monaco, l\u2019autorit\u00e9 comp\u00e9tente est la CCIN \u00e0 laquelle vous pouvez adresser une demande par voie \u00e9lectronique en cliquant sur le lien suivant :<\/p><p>\u00a0<\/p><p>https:\/\/www.ccin.mc\/fr\/particulier\/les-courriers-pour-agir<\/p><p>\u00a0<\/p><h3>II. POLITIQUE RELATIVE AUX COOKIES<\/h3><p>\u00a0<\/p><p>Lors de votre premi\u00e8re connexion sur le site web de <strong>la M\u00e9diterran\u00e9enne du B\u00e9ton<\/strong>, vous \u00eates avertis par un bandeau en bas de votre \u00e9cran que des informations relatives \u00e0 votre navigation sont susceptibles d\u2019\u00eatre enregistr\u00e9es dans des fichiers d\u00e9nomm\u00e9s \u00ab cookies \u00bb. Notre politique d\u2019utilisation des cookies vous permet de mieux comprendre les dispositions que nous mettons en \u0153uvre en mati\u00e8re de navigation sur notre site web. Elle vous informe notamment sur l\u2019ensemble des cookies pr\u00e9sents sur notre site web, leur finalit\u00e9 (partie I.) et vous donne la marche \u00e0 suivre pour les param\u00e9trer (partie II.)<\/p><p>\u00a0<\/p><p>1. Informations g\u00e9n\u00e9rales sur les cookies pr\u00e9sents sur le site de <strong>la M\u00e9diterran\u00e9enne du B\u00e9ton<\/strong><\/p><p>\u00a0<\/p><p><strong>la M\u00e9diterran\u00e9enne du B\u00e9ton<\/strong>, en tant qu\u2019\u00e9diteur du pr\u00e9sent site web, pourra proc\u00e9der \u00e0 l\u2019implantation d\u2019un cookie sur le disque dur de votre terminal (ordinateur, tablette, mobile etc.) afin de vous garantir une navigation fluide et optimale sur notre site Internet. Les \u00ab cookies \u00bb (ou t\u00e9moins de connexion) sont des petits fichiers texte de taille limit\u00e9e qui nous permettent de reconna\u00eetre votre ordinateur, votre tablette ou votre mobile aux fins de personnaliser les services que nous vous proposons.<\/p><p>\u00a0<\/p><p>Les informations recueillies par le biais des cookies ne permettent en aucune mani\u00e8re de vous identifier nominativement. Elles sont utilis\u00e9es exclusivement pour nos besoins propres afin d\u2019am\u00e9liorer l\u2019interactivit\u00e9 et la performance de notre site web et de vous adresser des contenus adapt\u00e9s \u00e0 vos centres d\u2019int\u00e9r\u00eats. Aucune de ces informations ne fait l\u2019objet d\u2019une communication aupr\u00e8s de tiers sauf lorsque <strong>la M\u00e9diterran\u00e9enne du B\u00e9ton<\/strong>\u00a0a obtenu au pr\u00e9alable votre consentement ou bien lorsque la divulgation de ces informations est requise par la loi, sur ordre d\u2019un tribunal ou toute autorit\u00e9 administrative ou judiciaire habilit\u00e9e \u00e0 en conna\u00eetre.<\/p><p>\u00a0<\/p><p>Pour mieux vous \u00e9clairer sur les informations que les cookies identifient, vous trouverez ci-dessous la liste des diff\u00e9rents types de cookies susceptibles d\u2019\u00eatre utilis\u00e9s sur le site web de <strong>la M\u00e9diterran\u00e9enne du B\u00e9ton<\/strong>, leur nom, leur finalit\u00e9 ainsi que leur dur\u00e9e de conservation.<\/p><p>\u00a0<\/p><p>2. Configuration de vos pr\u00e9f\u00e9rences sur les cookies<\/p><p>\u00a0<\/p><p>Vous pouvez accepter ou refuser le d\u00e9p\u00f4t de cookies \u00e0 tout moment. Lors de votre premi\u00e8re connexion sur le site web de <strong>la M\u00e9diterran\u00e9enne du B\u00e9ton<\/strong>, une banni\u00e8re pr\u00e9sentant bri\u00e8vement des informations relatives au d\u00e9p\u00f4t de cookies et de technologies similaires appara\u00eet en bas de votre \u00e9cran. Cette banni\u00e8re vous avertit qu\u2019en poursuivant votre navigation sur le site web de <strong>la M\u00e9diterran\u00e9enne du B\u00e9ton<\/strong>\u00a0(en chargeant une nouvelle page ou en cliquant sur divers \u00e9l\u00e9ments du site par exemple), vous acceptez le d\u00e9p\u00f4t de cookies sur votre terminal. Vous \u00eates \u00e9galement r\u00e9put\u00e9 avoir donn\u00e9 votre accord au d\u00e9p\u00f4t de cookies en cliquant sur l\u2019ic\u00f4ne \u00ab X \u00bb \u00e0 droite de la banni\u00e8re figurant en bas de votre \u00e9cran.<\/p><p>\u00a0<\/p><p>Selon le type de cookie en cause, le recueil de votre consentement au d\u00e9p\u00f4t et \u00e0 la lecture de cookies sur votre terminal peut \u00eatre imp\u00e9ratif.<\/p><p>\u00a0<\/p><p><u>a. Les cookies exempt\u00e9s de consentement<\/u><\/p><p>\u00a0<\/p><p>Conform\u00e9ment aux recommandations de la Commission Nationale de l\u2019Informatique et des Libert\u00e9s (CNIL), certains cookies sont dispens\u00e9s du recueil pr\u00e9alable de votre consentement dans la mesure o\u00f9 ils sont strictement n\u00e9cessaires au fonctionnement du site internet ou ont pour finalit\u00e9 exclusive de permettre ou faciliter la communication par voie \u00e9lectronique.<\/p><p>Il s\u2019agit notamment des cookies d\u2019identifiant de session, d\u2019authentification, de session d\u2019\u00e9quilibrage de charge ainsi que des cookies de personnalisation de votre interface. Ces cookies sont int\u00e9gralement soumis \u00e0 la pr\u00e9sente politique dans la mesure o\u00f9 ils sont \u00e9mis et g\u00e9r\u00e9s par <strong>la M\u00e9diterran\u00e9enne du B\u00e9ton<\/strong><\/p><p>\u00a0<\/p><p><u>b. Les cookies n\u00e9cessitant le recueil pr\u00e9alable de votre consentement<\/u><\/p><p>\u00a0<\/p><p>Cette exigence concerne les cookies \u00e9mis par des tiers et qui sont qualifi\u00e9s de \u00ab persistants \u00bb dans la mesure o\u00f9 ils demeurent dans votre terminal jusqu\u2019\u00e0 leur effacement ou leur date d\u2019expiration. De tels cookies \u00e9tant \u00e9mis par des tiers, leur utilisation et leur d\u00e9p\u00f4t sont soumis \u00e0 leurs propres politiques de confidentialit\u00e9 dont vous trouverez un lien ci-dessous. Cette famille de cookie regroupe les cookies publicitaires (auxquels <strong>la M\u00e9diterran\u00e9enne du B\u00e9ton<\/strong>\u00a0n\u2019a pas recours) ainsi que les cookies de partage de r\u00e9seaux sociaux (notamment de Facebook, YouTube, Twitter et LinkedIn). Les cookies de partage des r\u00e9seaux sociaux sont \u00e9mis et g\u00e9r\u00e9s par l\u2019\u00e9diteur du r\u00e9seau social concern\u00e9.<\/p><p>\u00a0<\/p><p><u>c. Vous disposez de divers outils de param\u00e9trage des cookies<\/u><\/p><p>\u00a0<\/p><p>La plupart des navigateurs Internet sont configur\u00e9s par d\u00e9faut de fa\u00e7on \u00e0 ce que le d\u00e9p\u00f4t de cookies soit autoris\u00e9. Votre navigateur vous offre l\u2019opportunit\u00e9 de modifier ces param\u00e8tres standards de mani\u00e8re \u00e0 ce que l\u2019ensemble des cookies soit rejet\u00e9 syst\u00e9matiquement ou bien \u00e0 ce qu\u2019une partie seulement des cookies soit accept\u00e9e ou refus\u00e9e en fonction de leur \u00e9metteur.<\/p><p>\u00a0<\/p><p><strong>ATTENTION<\/strong> : Nous attirons votre attention sur le fait que le refus du d\u00e9p\u00f4t de cookies sur votre terminal est n\u00e9anmoins susceptible d\u2019alt\u00e9rer votre exp\u00e9rience d\u2019utilisateur ainsi que votre acc\u00e8s \u00e0 certains services ou fonctionnalit\u00e9s du pr\u00e9sent site web. Le cas \u00e9ch\u00e9ant, <strong>la M\u00e9diterran\u00e9enne du B\u00e9ton<\/strong>\u00a0d\u00e9cline toute responsabilit\u00e9 concernant les cons\u00e9quences li\u00e9es \u00e0 la d\u00e9gradation de vos conditions de navigation qui interviennent en raison de votre choix de refuser, supprimer ou bloquer les cookies n\u00e9cessaires au fonctionnement du site. Ces cons\u00e9quences ne sauraient constituer un dommage et vous ne pourrez pr\u00e9tendre \u00e0 aucune indemnit\u00e9 de ce fait. Votre navigateur vous permet \u00e9galement de supprimer les cookies existants sur votre terminal ou encore de vous signaler lorsque de nouveaux cookies sont susceptibles d\u2019\u00eatre d\u00e9pos\u00e9s sur votre terminal. Ces param\u00e9trages n\u2019ont pas d\u2019incidence sur votre navigation mais vous font perdre tout le b\u00e9n\u00e9fice apport\u00e9 par le cookie. Veuillez ci-dessous prendre connaissance des multiples outils mis \u00e0 votre disposition afin que vous puissiez param\u00e9trer les cookies d\u00e9pos\u00e9s sur votre terminal.medbeton\u00a0<\/p><\/div><\/div>\t\t\t\t\t\t\t\t<\/div>\n\t\t\t\t<\/div>\n\t\t\t\t\t<\/div>\n\t\t<\/div>\n\t\t\t\t\t<\/div>\n\t\t<\/section>\n\t\t\t\t<section class=\"elementor-section elementor-top-section elementor-element elementor-element-308d2fae elementor-section-boxed elementor-section-height-default elementor-section-height-default sc_fly_static\" data-id=\"308d2fae\" data-element_type=\"section\" data-e-type=\"section\">\n\t\t\t\t\t\t<div class=\"elementor-container elementor-column-gap-extended\">\n\t\t\t\t\t<div class=\"elementor-column elementor-col-100 elementor-top-column elementor-element elementor-element-3dbb136e sc_content_align_inherit sc_layouts_column_icons_position_left sc_fly_static\" data-id=\"3dbb136e\" data-element_type=\"column\" data-e-type=\"column\">\n\t\t\t<div class=\"elementor-widget-wrap elementor-element-populated\">\n\t\t\t\t\t\t<div class=\"elementor-element elementor-element-4d77b329 sc_fly_static elementor-widget elementor-widget-spacer\" data-id=\"4d77b329\" data-element_type=\"widget\" data-e-type=\"widget\" data-widget_type=\"spacer.default\">\n\t\t\t\t<div class=\"elementor-widget-container\">\n\t\t\t\t\t\t\t<div class=\"elementor-spacer\">\n\t\t\t<div class=\"elementor-spacer-inner\"><\/div>\n\t\t<\/div>\n\t\t\t\t\t\t<\/div>\n\t\t\t\t<\/div>\n\t\t\t\t\t<\/div>\n\t\t<\/div>\n\t\t\t\t\t<\/div>\n\t\t<\/section>\n\t\t\t\t<\/div>\n\t\t","protected":false},"excerpt":{"rendered":"<p>\u00a0 la M\u00e9diterran\u00e9enne du B\u00e9ton a pour ambition d\u2019\u00eatre une entreprise citoyenne et exemplaire. Nous accordons une grande valeur \u00e0 l\u2019honn\u00eatet\u00e9 et \u00e0 la clart\u00e9 et avons \u00e0 c\u0153ur de&hellip;<\/p>\n","protected":false},"author":4,"featured_media":0,"parent":0,"menu_order":0,"comment_status":"closed","ping_status":"closed","template":"","meta":{"footnotes":""},"class_list":["post-999","page","type-page","status-publish","hentry"],"_links":{"self":[{"href":"https:\/\/medbeton.ma\/site\/wp-json\/wp\/v2\/pages\/999","targetHints":{"allow":["GET"]}}],"collection":[{"href":"https:\/\/medbeton.ma\/site\/wp-json\/wp\/v2\/pages"}],"about":[{"href":"https:\/\/medbeton.ma\/site\/wp-json\/wp\/v2\/types\/page"}],"author":[{"embeddable":true,"href":"https:\/\/medbeton.ma\/site\/wp-json\/wp\/v2\/users\/4"}],"replies":[{"embeddable":true,"href":"https:\/\/medbeton.ma\/site\/wp-json\/wp\/v2\/comments?post=999"}],"version-history":[{"count":3,"href":"https:\/\/medbeton.ma\/site\/wp-json\/wp\/v2\/pages\/999\/revisions"}],"predecessor-version":[{"id":7251,"href":"https:\/\/medbeton.ma\/site\/wp-json\/wp\/v2\/pages\/999\/revisions\/7251"}],"wp:attachment":[{"href":"https:\/\/medbeton.ma\/site\/wp-json\/wp\/v2\/media?parent=999"}],"curies":[{"name":"wp","href":"https:\/\/api.w.org\/{rel}","templated":true}]}}