{"id":3182,"date":"2023-02-09T07:52:48","date_gmt":"2023-02-09T07:52:48","guid":{"rendered":"https:\/\/medbeton.ma\/site\/?page_id=3182"},"modified":"2024-11-19T15:40:54","modified_gmt":"2024-11-19T14:40:54","slug":"projets-realisations","status":"publish","type":"page","link":"https:\/\/medbeton.ma\/site\/projets-realisations\/","title":{"rendered":"Projets et R\u00e9alisations"},"content":{"rendered":"\t\t<div data-elementor-type=\"wp-page\" data-elementor-id=\"3182\" class=\"elementor elementor-3182\">\n\t\t\t\t\t\t<section class=\"elementor-section elementor-top-section elementor-element elementor-element-59108d3 elementor-section-boxed elementor-section-height-default elementor-section-height-default sc_fly_static\" data-id=\"59108d3\" data-element_type=\"section\" data-e-type=\"section\">\n\t\t\t\t\t\t<div class=\"elementor-container elementor-column-gap-extended\">\n\t\t\t\t\t<div class=\"elementor-column elementor-col-100 elementor-top-column elementor-element elementor-element-11d6739 sc_content_align_inherit sc_layouts_column_icons_position_left sc_fly_static\" data-id=\"11d6739\" data-element_type=\"column\" data-e-type=\"column\">\n\t\t\t<div class=\"elementor-widget-wrap elementor-element-populated\">\n\t\t\t\t\t\t<div class=\"elementor-element elementor-element-1847ebd sc_height_huge sc_fly_static elementor-widget elementor-widget-spacer\" data-id=\"1847ebd\" data-element_type=\"widget\" data-e-type=\"widget\" data-widget_type=\"spacer.default\">\n\t\t\t\t<div class=\"elementor-widget-container\">\n\t\t\t\t\t\t\t<div class=\"elementor-spacer\">\n\t\t\t<div class=\"elementor-spacer-inner\"><\/div>\n\t\t<\/div>\n\t\t\t\t\t\t<\/div>\n\t\t\t\t<\/div>\n\t\t\t\t\t<\/div>\n\t\t<\/div>\n\t\t\t\t\t<\/div>\n\t\t<\/section>\n\t\t\t\t<section class=\"elementor-section elementor-top-section elementor-element elementor-element-71be1c5 elementor-section-boxed elementor-section-height-default elementor-section-height-default sc_fly_static\" data-id=\"71be1c5\" data-element_type=\"section\" data-e-type=\"section\">\n\t\t\t\t\t\t<div class=\"elementor-container elementor-column-gap-extended\">\n\t\t\t\t\t<div class=\"elementor-column elementor-col-100 elementor-top-column elementor-element elementor-element-3b11a78 sc_content_align_inherit sc_layouts_column_icons_position_left sc_fly_static\" data-id=\"3b11a78\" data-element_type=\"column\" data-e-type=\"column\">\n\t\t\t<div class=\"elementor-widget-wrap elementor-element-populated\">\n\t\t\t\t\t\t<div class=\"elementor-element elementor-element-f263e3a sc_layouts_hide_on_notebook sc_layouts_hide_on_tablet sc_layouts_hide_on_mobile sc_fly_static elementor-widget elementor-widget-spacer\" data-id=\"f263e3a\" data-element_type=\"widget\" data-e-type=\"widget\" data-widget_type=\"spacer.default\">\n\t\t\t\t<div class=\"elementor-widget-container\">\n\t\t\t\t\t\t\t<div class=\"elementor-spacer\">\n\t\t\t<div class=\"elementor-spacer-inner\"><\/div>\n\t\t<\/div>\n\t\t\t\t\t\t<\/div>\n\t\t\t\t<\/div>\n\t\t\t\t\t<\/div>\n\t\t<\/div>\n\t\t\t\t\t<\/div>\n\t\t<\/section>\n\t\t\t\t<section class=\"elementor-section elementor-top-section elementor-element elementor-element-dc8095a elementor-section-boxed elementor-section-height-default elementor-section-height-default sc_fly_static\" data-id=\"dc8095a\" data-element_type=\"section\" data-e-type=\"section\">\n\t\t\t\t\t\t<div class=\"elementor-container elementor-column-gap-extended\">\n\t\t\t\t\t<div class=\"elementor-column elementor-col-33 elementor-top-column elementor-element elementor-element-912fc97 sc_content_align_inherit sc_layouts_column_icons_position_left sc_fly_static\" data-id=\"912fc97\" data-element_type=\"column\" data-e-type=\"column\">\n\t\t\t<div class=\"elementor-widget-wrap elementor-element-populated\">\n\t\t\t\t\t\t<div class=\"elementor-element elementor-element-497bb34 sc_fly_static elementor-widget elementor-widget-trx_sc_title\" data-id=\"497bb34\" data-element_type=\"widget\" data-e-type=\"widget\" data-widget_type=\"trx_sc_title.default\">\n\t\t\t\t<div class=\"elementor-widget-container\">\n\t\t\t\t\t<div\t\tclass=\"sc_title sc_title_default\" ><span class=\"sc_item_subtitle sc_title_subtitle sc_item_subtitle_above sc_item_title_style_default\">en cours ou aboutis<\/span><h1 class=\"sc_item_title sc_title_title sc_item_title_style_default sc_item_title_tag\"\n\t\t\t><span class=\"sc_item_title_text\">Projets et R\u00e9alisations<\/span><\/h1><\/div>\t\t\t\t<\/div>\n\t\t\t\t<\/div>\n\t\t\t\t\t<\/div>\n\t\t<\/div>\n\t\t\t\t<div class=\"elementor-column elementor-col-66 elementor-top-column elementor-element elementor-element-9aa1754 sc_content_align_inherit sc_layouts_column_icons_position_left sc_fly_static\" data-id=\"9aa1754\" data-element_type=\"column\" data-e-type=\"column\">\n\t\t\t<div class=\"elementor-widget-wrap elementor-element-populated\">\n\t\t\t\t\t\t<div class=\"elementor-element elementor-element-0d28946 sc_fly_static elementor-widget elementor-widget-text-editor\" data-id=\"0d28946\" data-element_type=\"widget\" data-e-type=\"widget\" data-widget_type=\"text-editor.default\">\n\t\t\t\t<div class=\"elementor-widget-container\">\n\t\t\t\t\t\t\t\t\t\u00c0 travers une vaste gamme de produits en b\u00e9ton pr\u00e9fabriqu\u00e9, nous avons contribu\u00e9 \u00e0 la r\u00e9ussite de projets majeurs dans les secteurs de l&rsquo;assainissement, des infrastructures et des am\u00e9nagements urbains. Nos solutions sont con\u00e7ues pour r\u00e9pondre aux exigences de durabilit\u00e9, de performance et d&rsquo;adaptabilit\u00e9 impos\u00e9es par des ma\u00eetres d&rsquo;ouvrage exigeants. D\u00e9couvrez quelques-unes de nos r\u00e9alisations phares.\t\t\t\t\t\t\t\t<\/div>\n\t\t\t\t<\/div>\n\t\t\t\t\t<\/div>\n\t\t<\/div>\n\t\t\t\t\t<\/div>\n\t\t<\/section>\n\t\t\t\t<section class=\"elementor-section elementor-top-section elementor-element elementor-element-14a5d462 elementor-section-boxed elementor-section-height-default elementor-section-height-default sc_fly_static\" data-id=\"14a5d462\" data-element_type=\"section\" data-e-type=\"section\">\n\t\t\t\t\t\t<div class=\"elementor-container elementor-column-gap-extended\">\n\t\t\t\t\t<div class=\"elementor-column elementor-col-100 elementor-top-column elementor-element elementor-element-5b4a7ec3 sc_content_align_inherit sc_layouts_column_icons_position_left sc_fly_static\" data-id=\"5b4a7ec3\" data-element_type=\"column\" data-e-type=\"column\">\n\t\t\t<div class=\"elementor-widget-wrap elementor-element-populated\">\n\t\t\t\t\t\t<div class=\"elementor-element elementor-element-a0c930e sc_fly_static elementor-widget elementor-widget-spacer\" data-id=\"a0c930e\" data-element_type=\"widget\" data-e-type=\"widget\" data-widget_type=\"spacer.default\">\n\t\t\t\t<div class=\"elementor-widget-container\">\n\t\t\t\t\t\t\t<div class=\"elementor-spacer\">\n\t\t\t<div class=\"elementor-spacer-inner\"><\/div>\n\t\t<\/div>\n\t\t\t\t\t\t<\/div>\n\t\t\t\t<\/div>\n\t\t\t\t<div class=\"elementor-element elementor-element-a73ab12 sc_style_default sc_fly_static elementor-widget elementor-widget-trx_sc_blogger\" data-id=\"a73ab12\" data-element_type=\"widget\" data-e-type=\"widget\" data-widget_type=\"trx_sc_blogger.default\">\n\t\t\t\t<div class=\"elementor-widget-container\">\n\t\t\t\t\t<div \t\tclass=\"sc_blogger sc_blogger_lay_portfolio_grid sc_blogger_lay_portfolio_grid_grid_style_9 sc_item_filters_tabs_top alignnone\" ><div class=\"sc_item_filters_wrap\"><div class=\"sc_item_filters sc_blogger_filters sc_blogger_tabs sc_blogger_tabs_ajax sc_item_filters_align_right sc_item_filters_no_title\" data-params=\"{&quot;cat&quot;:[],&quot;columns&quot;:3,&quot;columns_widescreen&quot;:&quot;&quot;,&quot;columns_laptop&quot;:&quot;&quot;,&quot;columns_tablet_extra&quot;:{&quot;unit&quot;:&quot;px&quot;,&quot;size&quot;:&quot;&quot;,&quot;sizes&quot;:[]},&quot;columns_tablet&quot;:&quot;&quot;,&quot;columns_mobile_extra&quot;:{&quot;unit&quot;:&quot;px&quot;,&quot;size&quot;:&quot;&quot;,&quot;sizes&quot;:[]},&quot;columns_mobile&quot;:&quot;&quot;,&quot;count&quot;:15,&quot;offset&quot;:0,&quot;orderby&quot;:&quot;title&quot;,&quot;order&quot;:&quot;asc&quot;,&quot;ids&quot;:[],&quot;slider&quot;:false,&quot;slider_effect&quot;:&quot;slide&quot;,&quot;slider_pagination&quot;:&quot;none&quot;,&quot;slider_pagination_type&quot;:&quot;bullets&quot;,&quot;slider_pagination_thumbs&quot;:0,&quot;slider_controls&quot;:&quot;none&quot;,&quot;slides_space&quot;:0,&quot;slides_centered&quot;:&quot;&quot;,&quot;slides_overflow&quot;:&quot;&quot;,&quot;slider_mouse_wheel&quot;:&quot;&quot;,&quot;slider_autoplay&quot;:&quot;1&quot;,&quot;slider_loop&quot;:&quot;1&quot;,&quot;slider_free_mode&quot;:&quot;&quot;,&quot;title&quot;:&quot;&quot;,&quot;title_align&quot;:&quot;none&quot;,&quot;title_style&quot;:&quot;default&quot;,&quot;title_tag&quot;:&quot;none&quot;,&quot;title_color&quot;:&quot;&quot;,&quot;title_color2&quot;:&quot;&quot;,&quot;gradient_fill&quot;:&quot;block&quot;,&quot;gradient_direction&quot;:&quot;0&quot;,&quot;title_border_color&quot;:&quot;&quot;,&quot;title_border_width&quot;:{&quot;unit&quot;:&quot;px&quot;,&quot;size&quot;:0,&quot;sizes&quot;:[]},&quot;title_bg_image&quot;:{&quot;url&quot;:&quot;&quot;,&quot;id&quot;:&quot;&quot;,&quot;size&quot;:&quot;&quot;},&quot;title2&quot;:&quot;&quot;,&quot;title2_color&quot;:&quot;&quot;,&quot;title2_color2&quot;:&quot;&quot;,&quot;gradient_fill2&quot;:&quot;block&quot;,&quot;gradient_direction2&quot;:&quot;0&quot;,&quot;title2_border_color&quot;:&quot;&quot;,&quot;title2_border_width&quot;:{&quot;unit&quot;:&quot;px&quot;,&quot;size&quot;:0,&quot;sizes&quot;:[]},&quot;title2_bg_image&quot;:{&quot;url&quot;:&quot;&quot;,&quot;id&quot;:&quot;&quot;,&quot;size&quot;:&quot;&quot;},&quot;subtitle&quot;:&quot;&quot;,&quot;subtitle_align&quot;:&quot;none&quot;,&quot;subtitle_position&quot;:&quot;above&quot;,&quot;subtitle_color&quot;:&quot;&quot;,&quot;description&quot;:&quot;&quot;,&quot;description_color&quot;:&quot;&quot;,&quot;link&quot;:&quot;&quot;,&quot;link_style&quot;:&quot;default&quot;,&quot;link_size&quot;:&quot;normal&quot;,&quot;link_image&quot;:&quot;&quot;,&quot;link_text&quot;:&quot;&quot;,&quot;new_window&quot;:0,&quot;typed&quot;:&quot;&quot;,&quot;typed_strings&quot;:&quot;&quot;,&quot;typed_loop&quot;:&quot;1&quot;,&quot;typed_cursor&quot;:&quot;1&quot;,&quot;typed_cursor_char&quot;:&quot;_&quot;,&quot;typed_color&quot;:&quot;&quot;,&quot;typed_speed&quot;:&quot;6&quot;,&quot;typed_delay&quot;:&quot;1&quot;,&quot;id&quot;:&quot;&quot;,&quot;class&quot;:&quot;&quot;,&quot;className&quot;:&quot;&quot;,&quot;css&quot;:&quot;&quot;,&quot;type&quot;:&quot;lay_portfolio_grid&quot;,&quot;post_type&quot;:&quot;cpt_portfolio&quot;,&quot;taxonomy&quot;:&quot;cpt_portfolio_group&quot;,&quot;show_filters&quot;:&quot;1&quot;,&quot;filters_title&quot;:&quot;&quot;,&quot;filters_subtitle&quot;:&quot;&quot;,&quot;filters_title_align&quot;:&quot;right&quot;,&quot;filters_tabs_position&quot;:&quot;top&quot;,&quot;filters_tabs_on_hover&quot;:&quot;&quot;,&quot;filters_taxonomy&quot;:&quot;cpt_portfolio_group&quot;,&quot;filters_active&quot;:0,&quot;filters_ids&quot;:[&quot;103&quot;,&quot;100&quot;,&quot;83&quot;,&quot;81&quot;],&quot;filters_all&quot;:&quot;1&quot;,&quot;filters_all_text&quot;:&quot;Tout&quot;,&quot;filters_more_text&quot;:&quot;More posts&quot;,&quot;meta_parts&quot;:[&quot;categories&quot;],&quot;image_position&quot;:&quot;top&quot;,&quot;image_width&quot;:&quot;40&quot;,&quot;image_ratio&quot;:&quot;none&quot;,&quot;thumb_size&quot;:&quot;&quot;,&quot;hover&quot;:&quot;inherit&quot;,&quot;date_format&quot;:&quot;&quot;,&quot;disable_date_diff&quot;:&quot;&quot;,&quot;on_plate&quot;:&quot;&quot;,&quot;hide_excerpt&quot;:&quot;&quot;,&quot;excerpt_length&quot;:&quot;&quot;,&quot;text_align&quot;:&quot;none&quot;,&quot;no_margin&quot;:&quot;&quot;,&quot;no_links&quot;:&quot;&quot;,&quot;full_post&quot;:&quot;&quot;,&quot;video_in_popup&quot;:&quot;&quot;,&quot;numbers&quot;:&quot;&quot;,&quot;more_button&quot;:&quot;1&quot;,&quot;more_text&quot;:&quot;Read more&quot;,&quot;pagination&quot;:&quot;none&quot;,&quot;page&quot;:1,&quot;posts_exclude&quot;:&quot;&quot;,&quot;align&quot;:&quot;none&quot;,&quot;template_default&quot;:&quot;over_centered&quot;,&quot;template_list&quot;:&quot;simple&quot;,&quot;template_news&quot;:&quot;magazine&quot;,&quot;template_lay_portfolio&quot;:&quot;style-1&quot;,&quot;template_lay_portfolio_grid&quot;:&quot;grid_style_9&quot;,&quot;template_portmodern&quot;:&quot;image-over&quot;,&quot;template_portestate&quot;:&quot;default&quot;,&quot;template_excerpt&quot;:&quot;&quot;,&quot;template_band&quot;:&quot;&quot;,&quot;template_classic&quot;:&quot;&quot;,&quot;template_classic-masonry&quot;:&quot;&quot;,&quot;template_portfolio&quot;:&quot;&quot;,&quot;template_portfolio-masonry&quot;:&quot;&quot;,&quot;count_extra&quot;:{&quot;unit&quot;:&quot;px&quot;,&quot;size&quot;:15,&quot;sizes&quot;:[]},&quot;columns_extra&quot;:{&quot;unit&quot;:&quot;px&quot;,&quot;size&quot;:3,&quot;sizes&quot;:[]},&quot;offset_extra&quot;:{&quot;unit&quot;:&quot;px&quot;,&quot;size&quot;:0,&quot;sizes&quot;:[]},&quot;image_width_extra&quot;:{&quot;unit&quot;:&quot;px&quot;,&quot;size&quot;:40,&quot;sizes&quot;:[]},&quot;slides_space_extra&quot;:{&quot;unit&quot;:&quot;px&quot;,&quot;size&quot;:0,&quot;sizes&quot;:[]},&quot;gradient_direction_extra&quot;:{&quot;unit&quot;:&quot;px&quot;,&quot;size&quot;:0,&quot;sizes&quot;:[]},&quot;typed_speed_extra&quot;:{&quot;unit&quot;:&quot;px&quot;,&quot;size&quot;:6,&quot;sizes&quot;:[]},&quot;typed_delay_extra&quot;:{&quot;unit&quot;:&quot;px&quot;,&quot;size&quot;:1,&quot;sizes&quot;:[]},&quot;gradient_direction2_extra&quot;:{&quot;unit&quot;:&quot;px&quot;,&quot;size&quot;:0,&quot;sizes&quot;:[]},&quot;link_extra&quot;:{&quot;url&quot;:&quot;&quot;,&quot;is_external&quot;:&quot;&quot;,&quot;nofollow&quot;:&quot;&quot;,&quot;custom_attributes&quot;:&quot;&quot;},&quot;link_image_extra&quot;:{&quot;url&quot;:&quot;&quot;,&quot;id&quot;:&quot;&quot;,&quot;size&quot;:&quot;&quot;},&quot;scheme&quot;:&quot;&quot;,&quot;color_style&quot;:&quot;default&quot;,&quot;mouse_helper_highlight&quot;:&quot;&quot;,&quot;sc&quot;:&quot;sc_blogger&quot;}\">\t\t\t<ul class=\"sc_item_filters_tabs\"><li class=\"sc_item_filters_tabs_active\"><a href=\"#blogger_filters_all_content\"\n\t\t\t\t\t\t\tclass=\"sc_item_filters_all active\"\n\t\t\t\t\t\t\tdata-tab=\"all\"\n\t\t\t\t\t\t\tdata-page=\"1\">Tout<\/a><\/li><li><a href=\"#blogger_filters_103_content\"\n\t\t\t\t\t\t\t\t\t\t\t\t\t\tdata-tab=\"103\"\n\t\t\t\t\t\t\tdata-page=\"1\">Projets de Tuyaux d'Assainissement<\/a><\/li><li><a href=\"#blogger_filters_100_content\"\n\t\t\t\t\t\t\t\t\t\t\t\t\t\tdata-tab=\"100\"\n\t\t\t\t\t\t\tdata-page=\"1\">Projets de Fon\u00e7age<\/a><\/li><li><a href=\"#blogger_filters_83_content\"\n\t\t\t\t\t\t\t\t\t\t\t\t\t\tdata-tab=\"83\"\n\t\t\t\t\t\t\tdata-page=\"1\">Projets de Dalots<\/a><\/li><li><a href=\"#blogger_filters_81_content\"\n\t\t\t\t\t\t\t\t\t\t\t\t\t\tdata-tab=\"81\"\n\t\t\t\t\t\t\tdata-page=\"1\">Projets de Regards de Visite<\/a><\/li>\t\t\t<\/ul>\t<\/div><div class=\"sc_blogger_content sc_item_content sc_item_posts_container\" ><div class=\"sc_blogger_grid_wrap sc_blogger_grid_6 sc_blogger_grid_columns_3\" ><div data-post-id=\"3485\" data-item-number=\"1\" class=\"sc_blogger_item sc_item_container post_container sc_blogger_item_lay_portfolio sc_blogger_item_lay_portfolio_style_7 sc_blogger_item_odd sc_blogger_item_align_none post_format_standard sc_blogger_item_with_image sc_blogger_item_no_excerpt sc_blogger_item_image_position_top post-3485 cpt_portfolio type-cpt_portfolio status-publish has-post-thumbnail hentry cpt_portfolio_group-projets-de-foncage\" ><div class=\"sc_blogger_item_body\"><div class=\"post_featured with_thumb hover_link sc_item_featured sc_blogger_item_featured post_featured_bg\" data-ratio=\"16:9\"><span class=\"post_thumb post_thumb_bg bg_in fabrica_inline_1942197866\"><\/span>\t\t\t\t\t\t<div class=\"mask\"><\/div>\r\n\t\t\t\t\t\t<div class=\"post_info_bl\"><h5 class=\"sc_blogger_item_title entry-title\" data-item-number=\"1\"><a href=\"https:\/\/medbeton.ma\/site\/portfolio\/antipollution-casablanca-ouest\/\" rel=\"bookmark\">Antipollution Casablanca Ouest<\/a><\/h5><div class=\"post_meta sc_blogger_item_meta post_meta_categories\"><span class=\"post_meta_item post_categories cat_sep\"><a href=\"https:\/\/medbeton.ma\/site\/portfolio_group\/projets-de-foncage\/\" title=\"View all posts in Projets de Fon\u00e7age\">Projets de Fon\u00e7age<\/a><\/span><\/div><\/div><a class=\"post_link sc_blogger_item_link\" href=\"https:\/\/medbeton.ma\/site\/portfolio\/antipollution-casablanca-ouest\/\"><\/a>\t\t\t<a href=\"https:\/\/medbeton.ma\/site\/portfolio\/antipollution-casablanca-ouest\/\"  aria-hidden=\"true\" class=\"link\"><\/a>\r\n\t\t\t<\/div><\/div><!-- .sc_blogger_item_body --><\/div><!-- .sc_blogger_item --><div data-post-id=\"7311\" data-item-number=\"2\" class=\"sc_blogger_item sc_item_container post_container sc_blogger_item_lay_portfolio sc_blogger_item_lay_portfolio_style_7 sc_blogger_item_even sc_blogger_item_align_none post_format_standard sc_blogger_item_with_image sc_blogger_item_no_excerpt sc_blogger_item_image_position_top post-7311 cpt_portfolio type-cpt_portfolio status-publish has-post-thumbnail hentry cpt_portfolio_group-projets-de-regards-de-visite\" ><div class=\"sc_blogger_item_body\"><div class=\"post_featured with_thumb hover_link sc_item_featured sc_blogger_item_featured post_featured_bg\" data-ratio=\"16:9\"><span class=\"post_thumb post_thumb_bg bg_in fabrica_inline_959056821\"><\/span>\t\t\t\t\t\t<div class=\"mask\"><\/div>\r\n\t\t\t\t\t\t<div class=\"post_info_bl\"><h5 class=\"sc_blogger_item_title entry-title\" data-item-number=\"2\"><a href=\"https:\/\/medbeton.ma\/site\/portfolio\/assainissement-de-la-ville-dal-hoceima\/\" rel=\"bookmark\">Assainissement de la ville d&rsquo;Al-Hoceima<\/a><\/h5><div class=\"post_meta sc_blogger_item_meta post_meta_categories\"><span class=\"post_meta_item post_categories cat_sep\"><a href=\"https:\/\/medbeton.ma\/site\/portfolio_group\/projets-de-regards-de-visite\/\" title=\"View all posts in Projets de Regards de Visite\">Projets de Regards de Visite<\/a><\/span><\/div><\/div><a class=\"post_link sc_blogger_item_link\" href=\"https:\/\/medbeton.ma\/site\/portfolio\/assainissement-de-la-ville-dal-hoceima\/\"><\/a>\t\t\t<a href=\"https:\/\/medbeton.ma\/site\/portfolio\/assainissement-de-la-ville-dal-hoceima\/\"  aria-hidden=\"true\" class=\"link\"><\/a>\r\n\t\t\t<\/div><\/div><!-- .sc_blogger_item_body --><\/div><!-- .sc_blogger_item --><div data-post-id=\"3483\" data-item-number=\"3\" class=\"sc_blogger_item sc_item_container post_container sc_blogger_item_lay_portfolio sc_blogger_item_lay_portfolio_style_7 sc_blogger_item_odd sc_blogger_item_align_none post_format_standard sc_blogger_item_with_image sc_blogger_item_no_excerpt sc_blogger_item_image_position_top post-3483 cpt_portfolio type-cpt_portfolio status-publish has-post-thumbnail hentry cpt_portfolio_group-projets-de-dalots\" ><div class=\"sc_blogger_item_body\"><div class=\"post_featured with_thumb hover_link sc_item_featured sc_blogger_item_featured post_featured_bg\" data-ratio=\"16:9\"><span class=\"post_thumb post_thumb_bg bg_in fabrica_inline_665524819\"><\/span>\t\t\t\t\t\t<div class=\"mask\"><\/div>\r\n\t\t\t\t\t\t<div class=\"post_info_bl\"><h5 class=\"sc_blogger_item_title entry-title\" data-item-number=\"3\"><a href=\"https:\/\/medbeton.ma\/site\/portfolio\/assainissement-ville-de-kenitra\/\" rel=\"bookmark\">Assainissement ville de K\u00e9nitra<\/a><\/h5><div class=\"post_meta sc_blogger_item_meta post_meta_categories\"><span class=\"post_meta_item post_categories cat_sep\"><a href=\"https:\/\/medbeton.ma\/site\/portfolio_group\/projets-de-dalots\/\" title=\"View all posts in Projets de Dalots\">Projets de Dalots<\/a><\/span><\/div><\/div><a class=\"post_link sc_blogger_item_link\" href=\"https:\/\/medbeton.ma\/site\/portfolio\/assainissement-ville-de-kenitra\/\"><\/a>\t\t\t<a href=\"https:\/\/medbeton.ma\/site\/portfolio\/assainissement-ville-de-kenitra\/\"  aria-hidden=\"true\" class=\"link\"><\/a>\r\n\t\t\t<\/div><\/div><!-- .sc_blogger_item_body --><\/div><!-- .sc_blogger_item --><div data-post-id=\"7324\" data-item-number=\"4\" class=\"sc_blogger_item sc_item_container post_container sc_blogger_item_lay_portfolio sc_blogger_item_lay_portfolio_style_7 sc_blogger_item_even sc_blogger_item_align_none post_format_standard sc_blogger_item_with_image sc_blogger_item_no_excerpt sc_blogger_item_image_position_top post-7324 cpt_portfolio type-cpt_portfolio status-publish has-post-thumbnail hentry cpt_portfolio_group-projets-de-tuyaux-d-assainissement\" ><div class=\"sc_blogger_item_body\"><div class=\"post_featured with_thumb hover_link sc_item_featured sc_blogger_item_featured post_featured_bg\" data-ratio=\"16:9\"><span class=\"post_thumb post_thumb_bg bg_in fabrica_inline_793263094\"><\/span>\t\t\t\t\t\t<div class=\"mask\"><\/div>\r\n\t\t\t\t\t\t<div class=\"post_info_bl\"><h5 class=\"sc_blogger_item_title entry-title\" data-item-number=\"4\"><a href=\"https:\/\/medbeton.ma\/site\/portfolio\/autoroute-de-contournement-de-rabat\/\" rel=\"bookmark\">Autoroute de contournement de Rabat<\/a><\/h5><div class=\"post_meta sc_blogger_item_meta post_meta_categories\"><span class=\"post_meta_item post_categories cat_sep\"><a href=\"https:\/\/medbeton.ma\/site\/portfolio_group\/projets-de-tuyaux-d-assainissement\/\" title=\"View all posts in Projets de Tuyaux d'Assainissement\">Projets de Tuyaux d'Assainissement<\/a><\/span><\/div><\/div><a class=\"post_link sc_blogger_item_link\" href=\"https:\/\/medbeton.ma\/site\/portfolio\/autoroute-de-contournement-de-rabat\/\"><\/a>\t\t\t<a href=\"https:\/\/medbeton.ma\/site\/portfolio\/autoroute-de-contournement-de-rabat\/\"  aria-hidden=\"true\" class=\"link\"><\/a>\r\n\t\t\t<\/div><\/div><!-- .sc_blogger_item_body --><\/div><!-- .sc_blogger_item --><div data-post-id=\"3484\" data-item-number=\"5\" class=\"sc_blogger_item sc_item_container post_container sc_blogger_item_lay_portfolio sc_blogger_item_lay_portfolio_style_7 sc_blogger_item_odd sc_blogger_item_align_none post_format_standard sc_blogger_item_with_image sc_blogger_item_no_excerpt sc_blogger_item_image_position_top post-3484 cpt_portfolio type-cpt_portfolio status-publish has-post-thumbnail hentry cpt_portfolio_group-projets-de-dalots\" ><div class=\"sc_blogger_item_body\"><div class=\"post_featured with_thumb hover_link sc_item_featured sc_blogger_item_featured post_featured_bg\" data-ratio=\"16:9\"><span class=\"post_thumb post_thumb_bg bg_in fabrica_inline_1864243347\"><\/span>\t\t\t\t\t\t<div class=\"mask\"><\/div>\r\n\t\t\t\t\t\t<div class=\"post_info_bl\"><h5 class=\"sc_blogger_item_title entry-title\" data-item-number=\"5\"><a href=\"https:\/\/medbeton.ma\/site\/portfolio\/tunnel\/\" rel=\"bookmark\">Dalots : Assainissement ville de Tanger<\/a><\/h5><div class=\"post_meta sc_blogger_item_meta post_meta_categories\"><span class=\"post_meta_item post_categories cat_sep\"><a href=\"https:\/\/medbeton.ma\/site\/portfolio_group\/projets-de-dalots\/\" title=\"View all posts in Projets de Dalots\">Projets de Dalots<\/a><\/span><\/div><\/div><a class=\"post_link sc_blogger_item_link\" href=\"https:\/\/medbeton.ma\/site\/portfolio\/tunnel\/\"><\/a>\t\t\t<a href=\"https:\/\/medbeton.ma\/site\/portfolio\/tunnel\/\"  aria-hidden=\"true\" class=\"link\"><\/a>\r\n\t\t\t<\/div><\/div><!-- .sc_blogger_item_body --><\/div><!-- .sc_blogger_item --><div data-post-id=\"7321\" data-item-number=\"6\" class=\"sc_blogger_item sc_item_container post_container sc_blogger_item_lay_portfolio sc_blogger_item_lay_portfolio_style_7 sc_blogger_item_even sc_blogger_item_align_none post_format_standard sc_blogger_item_with_image sc_blogger_item_no_excerpt sc_blogger_item_image_position_top post-7321 cpt_portfolio type-cpt_portfolio status-publish has-post-thumbnail hentry cpt_portfolio_group-projets-de-tuyaux-d-assainissement\" ><div class=\"sc_blogger_item_body\"><div class=\"post_featured with_thumb hover_link sc_item_featured sc_blogger_item_featured post_featured_bg\" data-ratio=\"16:9\"><span class=\"post_thumb post_thumb_bg bg_in fabrica_inline_1746371638\"><\/span>\t\t\t\t\t\t<div class=\"mask\"><\/div>\r\n\t\t\t\t\t\t<div class=\"post_info_bl\"><h5 class=\"sc_blogger_item_title entry-title\" data-item-number=\"6\"><a href=\"https:\/\/medbeton.ma\/site\/portfolio\/lgv-tanger-kenitra\/\" rel=\"bookmark\">LGV Tanger &#8211; K\u00e9nitra<\/a><\/h5><div class=\"post_meta sc_blogger_item_meta post_meta_categories\"><span class=\"post_meta_item post_categories cat_sep\"><a href=\"https:\/\/medbeton.ma\/site\/portfolio_group\/projets-de-tuyaux-d-assainissement\/\" title=\"View all posts in Projets de Tuyaux d'Assainissement\">Projets de Tuyaux d'Assainissement<\/a><\/span><\/div><\/div><a class=\"post_link sc_blogger_item_link\" href=\"https:\/\/medbeton.ma\/site\/portfolio\/lgv-tanger-kenitra\/\"><\/a>\t\t\t<a href=\"https:\/\/medbeton.ma\/site\/portfolio\/lgv-tanger-kenitra\/\"  aria-hidden=\"true\" class=\"link\"><\/a>\r\n\t\t\t<\/div><\/div><!-- .sc_blogger_item_body --><\/div><!-- .sc_blogger_item --><\/div><\/div><\/div><\/div>\t\t\t\t<\/div>\n\t\t\t\t<\/div>\n\t\t\t\t<div class=\"elementor-element elementor-element-7b46b10 sc_height_huge sc_fly_static elementor-widget elementor-widget-spacer\" data-id=\"7b46b10\" data-element_type=\"widget\" data-e-type=\"widget\" data-widget_type=\"spacer.default\">\n\t\t\t\t<div class=\"elementor-widget-container\">\n\t\t\t\t\t\t\t<div class=\"elementor-spacer\">\n\t\t\t<div class=\"elementor-spacer-inner\"><\/div>\n\t\t<\/div>\n\t\t\t\t\t\t<\/div>\n\t\t\t\t<\/div>\n\t\t\t\t<div class=\"elementor-element elementor-element-472a7a4 sc_layouts_hide_on_notebook sc_layouts_hide_on_tablet sc_layouts_hide_on_mobile sc_fly_static elementor-widget elementor-widget-spacer\" data-id=\"472a7a4\" data-element_type=\"widget\" data-e-type=\"widget\" data-widget_type=\"spacer.default\">\n\t\t\t\t<div class=\"elementor-widget-container\">\n\t\t\t\t\t\t\t<div class=\"elementor-spacer\">\n\t\t\t<div class=\"elementor-spacer-inner\"><\/div>\n\t\t<\/div>\n\t\t\t\t\t\t<\/div>\n\t\t\t\t<\/div>\n\t\t\t\t\t<\/div>\n\t\t<\/div>\n\t\t\t\t\t<\/div>\n\t\t<\/section>\n\t\t\t\t<\/div>\n\t\t","protected":false},"excerpt":{"rendered":"<p>en cours ou aboutis Projets et R\u00e9alisations \u00c0 travers une vaste gamme de produits en b\u00e9ton pr\u00e9fabriqu\u00e9, nous avons contribu\u00e9 \u00e0 la r\u00e9ussite de projets majeurs dans les secteurs de&hellip;<\/p>\n","protected":false},"author":4,"featured_media":0,"parent":0,"menu_order":0,"comment_status":"closed","ping_status":"closed","template":"","meta":{"footnotes":""},"class_list":["post-3182","page","type-page","status-publish","hentry"],"_links":{"self":[{"href":"https:\/\/medbeton.ma\/site\/wp-json\/wp\/v2\/pages\/3182","targetHints":{"allow":["GET"]}}],"collection":[{"href":"https:\/\/medbeton.ma\/site\/wp-json\/wp\/v2\/pages"}],"about":[{"href":"https:\/\/medbeton.ma\/site\/wp-json\/wp\/v2\/types\/page"}],"author":[{"embeddable":true,"href":"https:\/\/medbeton.ma\/site\/wp-json\/wp\/v2\/users\/4"}],"replies":[{"embeddable":true,"href":"https:\/\/medbeton.ma\/site\/wp-json\/wp\/v2\/comments?post=3182"}],"version-history":[{"count":22,"href":"https:\/\/medbeton.ma\/site\/wp-json\/wp\/v2\/pages\/3182\/revisions"}],"predecessor-version":[{"id":7319,"href":"https:\/\/medbeton.ma\/site\/wp-json\/wp\/v2\/pages\/3182\/revisions\/7319"}],"wp:attachment":[{"href":"https:\/\/medbeton.ma\/site\/wp-json\/wp\/v2\/media?parent=3182"}],"curies":[{"name":"wp","href":"https:\/\/api.w.org\/{rel}","templated":true}]}}